{"id":9863,"date":"2025-09-01T15:40:20","date_gmt":"2025-09-01T15:40:20","guid":{"rendered":"https:\/\/akdn.fr\/?page_id=9863"},"modified":"2025-09-01T15:40:20","modified_gmt":"2025-09-01T15:40:20","slug":"decouvrir-notre-art","status":"publish","type":"page","link":"https:\/\/akdn.fr\/index.php\/decouvrir-notre-art\/","title":{"rendered":"decouvrir notre art"},"content":{"rendered":"<div class=\"section-container\" style=\"max-width: 900px; margin: auto; padding: 20px;\">\n<h1 style=\"text-align: center; color: #333; font-family: 'Arial', sans-serif;\">D\u00e9couvrir l&rsquo;A\u00efkido en action<\/h1>\n<p style=\"text-align: center; color: #555; font-size: 1.1em; line-height: 1.6;\">Plongez au c\u0153ur de la pratique de l&rsquo;A\u00efkido \u00e0 travers ces vid\u00e9os de nos jeunes pratiquants. Elles refl\u00e8tent l&rsquo;\u00e9nergie, la fluidit\u00e9 et le respect qui animent notre dojo au quotidien.<\/p>\n<div style=\"margin-top: 60px;\">\n<h2 style=\"color: #613c12; font-family: 'Arial', sans-serif; border-bottom: 2px solid #eee; padding-bottom: 10px;\">Les petits champions<\/h2>\n<p style=\"color: #555; line-height: 1.6;\">L&rsquo;A\u00efkido est bien plus qu&rsquo;un art martial, c&rsquo;est aussi un jeu d&rsquo;apprentissage o\u00f9 les plus jeunes d\u00e9couvrent le mouvement, le respect et la coordination. Regardez nos \u00e9l\u00e8ves de la section enfants s&rsquo;\u00e9panouir sur le tatami, dans une ambiance joyeuse et bienveillante.<\/p>\n<p>\u00a0<\/p>\n<div class=\"video-container\" style=\"position: relative; padding-bottom: 56.25%; height: 0; overflow: hidden; max-width: 100%; background: #000;\">\n<figure class=\"wp-block-embed is-type-video is-provider-youtube wp-block-embed-youtube wp-embed-aspect-16-9 wp-has-aspect-ratio\"><div class=\"wp-block-embed__wrapper\">\n<iframe loading=\"lazy\" title=\"clip petits 2025\" width=\"1200\" height=\"675\" src=\"https:\/\/www.youtube.com\/embed\/G54hR9JcD1w?feature=oembed\" frameborder=\"0\" allow=\"accelerometer; autoplay; clipboard-write; encrypted-media; gyroscope; picture-in-picture; web-share\" referrerpolicy=\"strict-origin-when-cross-origin\" allowfullscreen><\/iframe>\n<\/div><\/figure>\n<\/div>\n<\/div>\n<div style=\"margin-top: 60px;\">\n<h2 style=\"color: #613c12; font-family: 'Arial', sans-serif; border-bottom: 2px solid #eee; padding-bottom: 10px;\">La voie des ados<\/h2>\n<p style=\"color: #555; line-height: 1.6;\">Force, ma\u00eetrise et \u00e9l\u00e9gance. Nos adolescents explorent les techniques avanc\u00e9es de l&rsquo;A\u00efkido, en d\u00e9veloppant leur assurance et leur contr\u00f4le. Cette vid\u00e9o montre la progression et l&rsquo;engagement de nos jeunes a\u00efkidokas dans leur parcours.<\/p>\n<div class=\"video-container\" style=\"position: relative; padding-bottom: 56.25%; height: 0; overflow: hidden; max-width: 100%; background: #000; margin-top: 20px;\"><iframe style=\"position: absolute; top: 0; left: 0; width: 100%; height: 100%;\" src=\"https:\/\/www.facebook.com\/plugins\/video.php?height=314&amp;href=https%3A%2F%2Fwww.facebook.com%2Fakdn.aikidonogent%2Fvideos%2F1279508663790960%2F&amp;show_text=false&amp;width=560&amp;t=0\" frameborder=\"0\" allowfullscreen=\"allowfullscreen\"><\/iframe><\/div>\n<\/div>\n<\/div>\n\n","protected":false},"excerpt":{"rendered":"<p>D\u00e9couvrir l&rsquo;A\u00efkido en action Plongez au c\u0153ur de la pratique de l&rsquo;A\u00efkido \u00e0 travers ces vid\u00e9os de nos jeunes pratiquants. Elles refl\u00e8tent l&rsquo;\u00e9nergie, la fluidit\u00e9 et le respect qui animent notre dojo au quotidien. Les petits champions L&rsquo;A\u00efkido est bien plus qu&rsquo;un art martial, c&rsquo;est aussi un jeu d&rsquo;apprentissage o\u00f9 les plus jeunes d\u00e9couvrent le &#8230; <a title=\"decouvrir notre art\" class=\"read-more\" href=\"https:\/\/akdn.fr\/index.php\/decouvrir-notre-art\/\" aria-label=\"En savoir plus sur decouvrir notre art\">Lire la suite<\/a><\/p>\n","protected":false},"author":1,"featured_media":0,"parent":0,"menu_order":0,"comment_status":"closed","ping_status":"closed","template":"","meta":{"footnotes":""},"class_list":["post-9863","page","type-page","status-publish"],"_links":{"self":[{"href":"https:\/\/akdn.fr\/index.php\/wp-json\/wp\/v2\/pages\/9863","targetHints":{"allow":["GET"]}}],"collection":[{"href":"https:\/\/akdn.fr\/index.php\/wp-json\/wp\/v2\/pages"}],"about":[{"href":"https:\/\/akdn.fr\/index.php\/wp-json\/wp\/v2\/types\/page"}],"author":[{"embeddable":true,"href":"https:\/\/akdn.fr\/index.php\/wp-json\/wp\/v2\/users\/1"}],"replies":[{"embeddable":true,"href":"https:\/\/akdn.fr\/index.php\/wp-json\/wp\/v2\/comments?post=9863"}],"version-history":[{"count":3,"href":"https:\/\/akdn.fr\/index.php\/wp-json\/wp\/v2\/pages\/9863\/revisions"}],"predecessor-version":[{"id":9866,"href":"https:\/\/akdn.fr\/index.php\/wp-json\/wp\/v2\/pages\/9863\/revisions\/9866"}],"wp:attachment":[{"href":"https:\/\/akdn.fr\/index.php\/wp-json\/wp\/v2\/media?parent=9863"}],"curies":[{"name":"wp","href":"https:\/\/api.w.org\/{rel}","templated":true}]}}