{"id":9482,"date":"2025-08-21T12:13:56","date_gmt":"2025-08-21T12:13:56","guid":{"rendered":"http:\/\/192.168.1.29\/?page_id=9482"},"modified":"2025-08-24T21:13:07","modified_gmt":"2025-08-24T21:13:07","slug":"lhistoire","status":"publish","type":"page","link":"https:\/\/akdn.fr\/index.php\/lhistoire\/","title":{"rendered":"L&rsquo;Histoire"},"content":{"rendered":"<div class=\"section-container\">\n<p style=\"font-size: 1.1em; line-height: 1.6; text-align: center; border-bottom: 2px solid #ddd; padding-bottom: 20px;\">\nFond\u00e9 par ma\u00eetre <strong>Morihei Ueshiba<\/strong> vers 1930, ce dernier expert dans plusieurs arts martiaux (pratiqu\u00e9s par les c\u00e9l\u00e8bres samoura\u00efs), a pratiqu\u00e9 parall\u00e8lement une philosophie asiatique recherchant \u00e0 tout prix la paix entre tous les \u00eatres. La synth\u00e8se de ses deux voies est devenue l\u2019A\u00efkido.<\/p>\n<\/div>\n<h2 style=\"margin-top: 50px;\">Une philosophie en mouvement<\/h2>\n<p>L\u2019A\u00efkido n\u2019est pas \u00e0 consid\u00e9rer comme une pratique \u00e9sot\u00e9rique, exotique, \u201cjaponisante\u201d. C\u2019est une v\u00e9ritable mise en pratique d\u2019une philosophie qui se veut universelle, sans fronti\u00e8re, visant l\u2019unification des antagonistes \u00e0 l\u2019issue de chaque \u201cconflit\u201d.<\/p>\n<p>Une technique dont le but serait la r\u00e9conciliation des protagonistes par le truchement d\u2019un art de combat.<\/p>\n<p>En A\u00efkido, pas de comp\u00e9tition, pas de cat\u00e9gorie, aucun vainqueur ni perdant, mais un plaisir partag\u00e9, la recherche de l\u2019accord sur le tatami qui devrait aboutir \u00e0 une habitude spontan\u00e9e en dehors du Dojo.<\/p>\n<p>L\u2019A\u00efkido compos\u00e9 de 3 id\u00e9ogrammes appel\u00e9 <strong>Kanji<\/strong> veut dire \u201cVoie de l\u2019Harmonie des \u00c9nergies\u201d.<\/p>\n<p>Se mettre en accord avec l\u2019adversaire qui devient rapidement \u201cpartenaire\u201d. L\u2019a\u00efkidoka est \u00e0 l\u2019\u00e9coute de l\u2019attaquant et son but consiste \u00e0 canaliser et annuler l\u2019agressivit\u00e9.<\/p>\n<p>Mais avant de pouvoir se \u201cmettre en harmonie\u201d avec un adversaire, il va falloir l\u2019\u00eatre avec soi-m\u00eame et tout une s\u00e9rie d\u2019exercices vont aider le pratiquant.<\/p>\n<p>Ma\u00eetrise des chutes (nagewaza), attaques, saisies, sabre (ken), couteau (tanto), b\u00e2ton (djo), travail \u00e0 genoux (suwariwaza &#8211; illustr\u00e9 ci-dessous), debout (tachiwaza), contre plusieurs adversaires\u2026<\/p>\n<h2 style=\"margin-top: 50px;\">Histoire de l\u2019A\u00efkido \u00e0 Nogent<\/h2>\n<p>L\u2019A\u00efkido se pratique \u00e0 Nogent depuis 1974. C\u2019\u00e9tait l\u2019\u00e9poque \u201cBruce LEE\u201d. Cela aura apport\u00e9 bon nombre de nouveaux adh\u00e9rents dans les clubs tout azimut.<\/p>\n<p>La section A\u00efkido \u00e9tait plac\u00e9e sous l\u2019\u00e9gide \u00e0 l\u2019\u00e9poque du Judo-Karat\u00e9-club alors que la <strong>FFJDA<\/strong> (<strong>Judo<\/strong>) g\u00e9rait l\u2019A\u00efkido en France. Notre section s\u2019est rendue <strong>autonome en 1994<\/strong> \u00e0 l\u2019image de notre actuelle f\u00e9d\u00e9ration <strong>FFAAA<\/strong>. En 1974, la salle d\u2019entra\u00eenement se situait au-dessus de la piscine de Nogent. On devait alors placer puis ranger les tatamis \u00e0 chaque cours. Par la suite, un Dojo en pr\u00e9fabriqu\u00e9s a \u00e9t\u00e9 mont\u00e9 au gymnase Fran\u00e7ois Rolland. Derni\u00e8rement, les cours avaient lieu \u00e0 l\u2019<strong>espace Chanzy<\/strong>. Depuis octobre 2011, l\u2019A\u00efkido a pris ses quartiers au tout r\u00e9cent D\u00f4j\u00f4 David Douillet, 19bis rue Paul Bert. Il s\u2019agit donc du 4e site d\u2019entra\u00eenement de notre association.<\/p>\n<p>Les premiers professeurs (ceux de l\u2019enseignant actuel) auront \u00e9t\u00e9 <strong>Alain MODOT<\/strong> et feu-<strong>Yves LECORFEC<\/strong>. Alain MODOT \u00e9tait plut\u00f4t sp\u00e9cialis\u00e9 autour du sabre, alors qu\u2019Yves LECORFEC \u00e9tait un pur et dur du Karat\u00e9. Tous deux venaient du Yoseikan et de l\u2019actuel \u201cAiki-budo\u201d de <strong>M\u00b0 FLOQUET<\/strong>.<\/p>\n<p>Faisant suite aux infos indiqu\u00e9es \u00e0 notre rubrique \u201cEncadrement\u201d, notre enseignant est formateur anti-drogues. L\u2019A\u00efkido aura \u00e9t\u00e9 d\u00e9sign\u00e9e \u201c<strong>activit\u00e9 anti-dopage<\/strong>\u201d par la mairie de Nogent lors d\u2019une saison de pr\u00e9vention au profit des \u00e9tablissements scolaires de la ville. Rappelons que l\u2019A\u00efkido ne comporte pas de comp\u00e9tition. La recherche de la performance \u00e9tant ailleurs. Il ne s\u2019agit pas ici de devenir meilleur que son partenaire (et par cons\u00e9quent, de devoir g\u00e9rer, par la m\u00eame, les sensations d\u2019\u00e9chec ou ses propres contre-performances). Le but \u00e9tant de trouver la meilleure coh\u00e9sion avec soi et son ou ses partenaires\u2026 La seule comp\u00e9tition \u00e0 mener sera contre soi-m\u00eame. Lutter contre ses limites physiques, raideurs, ses freins psychologiques\u2026<\/p>\n<p>Aujourd\u2019hui, l\u2019AKDN suit la mani\u00e8re de pratiquer de <strong>M\u00b0 Christian TISSIER<\/strong> et se conforme sans s\u2019y astreindre \u00e0 l\u2019A\u00efkika\u00ef tout en restant tr\u00e8s ouverte \u00e0 tous styles d\u2019A\u00efkido.<\/p>\n<p>Durant 2 ans, en collaboration avec l\u2019<strong>\u00e9cole St-Andr\u00e9 de Nogent<\/strong>, 2 classes (CP &amp; CE1) auront suivi une initiation \u00e0 l\u2019 \u201cA\u00efki-ka\u00efd\u201d accompagn\u00e9 de leurs enseignants. Cette initiative dirig\u00e9e vers les tout petits aura donn\u00e9 visiblement des id\u00e9es \u00e0 d\u2019autres sports \u00ab\u00a0assimil\u00e9s\u00a0\u00bb. Rappelons que l\u2019a\u00efkido peut se pratiquer b\u00e9n\u00e9fiquement d\u00e8s l\u2019\u00e2ge de 4 ans \u2026 \u00c0 ce propos, l&rsquo;AKDN a cr\u00e9\u00e9 plusieurs sections dont la premi\u00e8re commence \u00e0 4 ans (4\/6ans), une autre 6\/9 ans, 10\/13 ans, 16\/16 ans et r\u00e9cemment une section SENIOR s&rsquo;est cr\u00e9\u00e9e.<\/p>\n<p>Des interventions multiples et vari\u00e9es ont \u00e9t\u00e9 initi\u00e9es afin d\u2019y trouver des points communs. Des experts de plusieurs sp\u00e9cialit\u00e9s (Ta\u00ef-chi, Tonfa, sabre Cor\u00e9en, Zen, Sophrologie\u2026) ont rendu visite \u00e0 Nogent.<\/p>\n<p>Historiquement, nous y avons invit\u00e9 respectivement <strong>M\u00b0 FLOQUET, M\u00b0 TISSIER, feu-J-M MERRIT, Pascal OLIVIER, Patrick BENEZZI, Bruno GONZALEZ, Arnauld WALTZ, Pascal GUILLEMIN, Marc BACHRATY, Yoko OKAMOTO sense\u00ef (la premi\u00e8re femme ma\u00eetre d&rsquo;A\u00efkido venue en France), H\u00e9l\u00e8ne DOUE, Fabrice CROIZE\u2026<\/strong><\/p>\n<p>Depuis quelques ann\u00e9es, nous provoquons des interclubs avec d\u2019autres associations d\u2019a\u00efkido en particulier avec le club d&rsquo;A\u00efkido d&rsquo;<strong>Yverdon les bains (suisse)<\/strong>, ville jumel\u00e9e avec la n\u00f4tre. Nous nous y rendons r\u00e9guli\u00e8rement en Mai\/juin.<\/p>\n<p>\u00c0 noter que la saison 2008\/2009 s\u2019est termin\u00e9e en fanfare (<a title=\"Article SAISON 2009 en fanfare\" href=\"\/\/www.akdn.fr\/wordpress\/Doc_public\/FIN_SAISON_2009\/AKDN_Une_saison_2009_qui_se_termine_en_fanfare.pdf)\" target=\"_blank\" rel=\"noopener\">Lire l\u2019article<\/a>).<\/p>\n<p>Depuis F\u00e9vrier 2012, l&rsquo;AKDN a \u00e9t\u00e9 <strong>reconnue association d&rsquo;amiti\u00e9s franco-japonaises par l&rsquo;ambassade du Japon<\/strong>. L&rsquo;AKDN est, \u00e0 ce jour, la seule association d&rsquo;A\u00efkido ayant re\u00e7u ce privil\u00e8ge en France.<\/p>\n","protected":false},"excerpt":{"rendered":"<p>Fond\u00e9 par ma\u00eetre Morihei Ueshiba vers 1930, ce dernier expert dans plusieurs arts martiaux (pratiqu\u00e9s par les c\u00e9l\u00e8bres samoura\u00efs), a pratiqu\u00e9 parall\u00e8lement une philosophie asiatique recherchant \u00e0 tout prix la paix entre tous les \u00eatres. La synth\u00e8se de ses deux voies est devenue l\u2019A\u00efkido. Une philosophie en mouvement L\u2019A\u00efkido n\u2019est pas \u00e0 consid\u00e9rer comme une &#8230; <a title=\"L&rsquo;Histoire\" class=\"read-more\" href=\"https:\/\/akdn.fr\/index.php\/lhistoire\/\" aria-label=\"En savoir plus sur L&rsquo;Histoire\">Lire la suite<\/a><\/p>\n","protected":false},"author":1,"featured_media":0,"parent":0,"menu_order":0,"comment_status":"closed","ping_status":"closed","template":"","meta":{"footnotes":""},"class_list":["post-9482","page","type-page","status-publish"],"_links":{"self":[{"href":"https:\/\/akdn.fr\/index.php\/wp-json\/wp\/v2\/pages\/9482","targetHints":{"allow":["GET"]}}],"collection":[{"href":"https:\/\/akdn.fr\/index.php\/wp-json\/wp\/v2\/pages"}],"about":[{"href":"https:\/\/akdn.fr\/index.php\/wp-json\/wp\/v2\/types\/page"}],"author":[{"embeddable":true,"href":"https:\/\/akdn.fr\/index.php\/wp-json\/wp\/v2\/users\/1"}],"replies":[{"embeddable":true,"href":"https:\/\/akdn.fr\/index.php\/wp-json\/wp\/v2\/comments?post=9482"}],"version-history":[{"count":1,"href":"https:\/\/akdn.fr\/index.php\/wp-json\/wp\/v2\/pages\/9482\/revisions"}],"predecessor-version":[{"id":9849,"href":"https:\/\/akdn.fr\/index.php\/wp-json\/wp\/v2\/pages\/9482\/revisions\/9849"}],"wp:attachment":[{"href":"https:\/\/akdn.fr\/index.php\/wp-json\/wp\/v2\/media?parent=9482"}],"curies":[{"name":"wp","href":"https:\/\/api.w.org\/{rel}","templated":true}]}}