{"id":884,"date":"2011-08-09T09:25:37","date_gmt":"2011-08-09T07:25:37","guid":{"rendered":"http:\/\/www.akdn.fr\/?page_id=884"},"modified":"2025-08-24T21:14:18","modified_gmt":"2025-08-24T21:14:18","slug":"plongee-dans-lunivers-de-laikido","status":"publish","type":"page","link":"https:\/\/akdn.fr\/index.php\/plongee-dans-lunivers-de-laikido\/","title":{"rendered":"Plong\u00e9e dans l&#039;univers de l&#039;aikido"},"content":{"rendered":"<div class=\"section-container\">\n<p style=\"font-size: 1.1em; line-height: 1.6; text-align: center; border-bottom: 2px solid #ddd; padding-bottom: 20px;\">\nAfin d\u2019aider le d\u00e9butant \u00e0 entrevoir au pr\u00e9alable ce qui l\u2019attend, pour faire simple, on peut prendre exemple sur le contact avec l\u2019\u00e9l\u00e9ment liquide, plonger dans la mer, aller \u00e0 la piscine\u2026 Tout le monde n\u2019aime pas les bains\u2026 Mais pour ceux qui l\u2019appr\u00e9cient, il y a autant d\u2019attentes, de buts, comme de sensations per\u00e7ues dans l\u2019\u00e9l\u00e9ment liquide que dans la pratique de l\u2019A\u00efkido.<\/p>\n<\/div>\n<h2 style=\"margin-top: 50px;\">L&rsquo;oc\u00e9an d&rsquo;A\u00efkido<\/h2>\n<p>En effet, chez les \u00ab accros \u00bb de la mer, il y a des p\u00eacheurs, des plongeurs, des photographes aquatiques, des apn\u00e9istes, des scaphandriers, des sous-mariniers, des surfeurs, des v\u00e9liplanchistes, des nageurs, des barboteurs, des marins, des chasseurs d\u2019\u00e9paves, des collectionneurs de coquillages, et j\u2019en passe certainement\u2026 Certains sont professionnels de la mer, d\u2019autres vacanciers du littoral. Certains se servent de la mer comme th\u00e9rapie, d\u2019autres comme support \u00e0 performances sportives personnelles.<\/p>\n<p>En A\u00efkido, c\u2019est assez similaire en fait. Une <span class=\"highlight\">immensit\u00e9 immat\u00e9rielle<\/span> tout comme l\u2019oc\u00e9an. Un \u00e9l\u00e9ment fertile en sensations et en d\u00e9couvertes quotidiennes.<\/p>\n<h2 style=\"margin-top: 50px;\">Un chemin personnel<\/h2>\n<p>D\u2019aucun vont y goutter et l\u2019abandonneront sans s\u2019\u00eatre rendu compte de sa richesse et de son immensit\u00e9, d\u00e9\u00e7us par un petit \u00e9l\u00e9ment ou ayant d\u00e9couvert \u00ab qu\u2019ils ne sont pas fait pour\u2026 \u00bb, que l\u2019A\u00efki n\u2019est pas pour eux, que \u00e7a demande trop d\u2019efforts ou d\u2019investissements. Tandis que d\u2019autres, de leur cot\u00e9, en feront quasiment leur propre voie, leur mani\u00e8re de vivre au quotidien. <strong>L\u2019A\u00efkido, tout comme la mer, peut nous r\u00e9v\u00e9ler \u00e0 nous-m\u00eame.<\/strong> Le danger et la s\u00e9curit\u00e9 dans ces deux secteurs, se c\u00f4toient d\u00e8s qu\u2019on a quitt\u00e9 ses thongs\u2026<\/p>\n<p>Rencontrer ses peurs, ses doutes, ses limites mais aussi ses capacit\u00e9s, ses ressources et ses performances.<\/p>\n<h2 style=\"margin-top: 50px;\">Le d\u00e9passement et la fluidit\u00e9<\/h2>\n<p>Avec l\u2019art martial comme en pleine mer, le danger vital est pr\u00e9sent. Une erreur d\u2019appr\u00e9ciation, un manque d\u2019entra\u00eenement, un exc\u00e8s de confiance ou de certitudes, et tout peu chavirer. <strong>Mais on se grandit syst\u00e9matiquement \u00e0 chaque fois qu\u2019on a pu se sortir d\u2019une situation difficile.<\/strong><\/p>\n<p>Bien \u00e9videment, il n\u2019y a pas de comp\u00e9tition en A\u00efki. Mais d\u00e8s lors qu\u2019on monte sur un tatami, tout peut arriver. Et m\u00eame si on peut si sentir en totale s\u00e9curit\u00e9, comme chez soi, entour\u00e9 d\u2019amis apr\u00e8s quelques ann\u00e9es, on doit sortir r\u00e9guli\u00e8rement de ce cocon pour passer des grades, faire des stages, et assurer des d\u00e9monstrations.<\/p>\n<p>Tout comme un retour de p\u00eache sur un oc\u00e9an d\u00e9cha\u00een\u00e9e, une comp\u00e9tition de natation gagn\u00e9e \u00e0 l\u2019arrach\u00e9e, une plong\u00e9e au milieu de requins affam\u00e9s, <strong>un entra\u00eenement engag\u00e9 en A\u00efki permet d\u2019acqu\u00e9rir \u00e0 chaque fois de nouvelles acuit\u00e9s sensorielles.<\/strong> Dans le m\u00eame temps, les techniques vont gagner en finesse, \u00e9conomie d\u2019NRJ, tout comme le nageur de haut niveau ne tirera plus comme \u201cun b\u0153uf\u201d sur ses bras mais saura faire qu\u2019un avec l\u2019 \u00e9l\u00e9ment liquide, recherchant <span class=\"highlight\">fluidit\u00e9<\/span> dans l\u2019aquadynamisme\u2026<\/p>\n<p>L\u2019A\u00efkidoka aura ce point commun avec un nageur de haut niveau, ce sera d\u2019\u00e9tudier et d\u2019affiner chacun de ses gestes techniques. Et en faisant de parall\u00e8le avec un \u00e9l\u00e9ment quasi immat\u00e9riel que l\u2019eau et invisible qu\u2019est le Ki, les deux n\u2019auront qu\u2019une obsession: <strong>devenir de plus en plus fluide<\/strong>. Ne plus se battre contre les \u00e9l\u00e9ments mais en tirer profit au maximum en limitant les efforts. L\u2019A\u00efkido fera tout pour que son partenaire suive en toute confiance son attaque sans rencontrer d\u2019obstacle, ni un quelconque frein \u00e0 son d\u00e9s\u00e9quilibre que provoque sa propre attaque. Le nageur p\u00e9n\u00e9trera dans l\u2019\u00e9l\u00e9ment liquide de mani\u00e8re \u00e0 ce qu\u2019aucun obstacle vienne freiner son NRJ cin\u00e9tique par l\u2019aquadynamisne. Une observation scrupuleuse de chaque geste, chaque posture et une visualisation parfaite de chaque d\u00e9tail pouvant freiner ainsi que toute moindre inclinaison timing, synchronisation pouvant favoriser la performance sera \u00e9cart\u00e9 pour les uns, int\u00e9gr\u00e9 pour les autres\u2026<\/p>\n<h2 style=\"margin-top: 50px;\">La fusion ultime<\/h2>\n<p>L\u2019acuit\u00e9 sensorielle acquise en a\u00efkido qui, transpos\u00e9e dans la vie de tous les jours, permet de mieux percevoir l\u2019autre dans ce qu\u2019il dit, ce qu\u2019il fait, en restant attentif \u00e0 ses intentions. Pour cette raison on entend dire que <strong>l\u2019A\u00efkido est un art de la communication.<\/strong><\/p>\n<p>Lorsqu\u2019on visionne la fin du film\u00ab le Grand Bleu \u00bb, on ressent que l\u2019acteur principal vit un rapport tr\u00e8s particulier avec l\u2019\u00e9l\u00e9ment marin. On sent qu\u2019il fusionne avec la mer. Il l\u2019a tellement fr\u00e9quent\u00e9 qu\u2019il en fait d\u00e9sormais enti\u00e8rement partie. Sa technique, son support aura \u00e9t\u00e9 l\u2019apn\u00e9e.<\/p>\n<p>En reprenant le parall\u00e8le avec notre art, on ne fusionnera pas avec l\u2019A\u00efkido qui n\u2019est qu\u2019un support, une technique, un vecteur. La fusion ultime serait, comme le d\u00e9crit son fondateur pas moins qu\u2019avec ;\u2026 <span class=\"highlight\">l\u2019Univers !!<\/span>\u2026. D\u2019abord l\u2019espace autours de soi, entre soi et le partenaire, puis les partenaires. Les ann\u00e9es de pratique permettront de conna\u00eetre son corps, ses limites, mais surtout l\u2019exploitation de ses ressources. L\u2019acuit\u00e9 (pas seulement visuelle, mais\u2026) sensorielle aidera le pratiquant \u00e0 deviner l\u2019intention chez l\u2019autre par la gestion de temps et de l\u2019espace qui les s\u00e9parent et les relient en m\u00eame temps. Mais ne vous y trompez point, l\u2019A\u00efkidoka ne vivra pas la fin dramatique de Jacques Mayol dans le grand Bleu\u2026<\/p>\n","protected":false},"excerpt":{"rendered":"<p>Afin d\u2019aider le d\u00e9butant \u00e0 entrevoir au pr\u00e9alable ce qui l\u2019attend, pour faire simple, on peut prendre exemple sur le contact avec l\u2019\u00e9l\u00e9ment liquide, plonger dans la mer, aller \u00e0 la piscine\u2026 Tout le monde n\u2019aime pas les bains\u2026 Mais pour ceux qui l\u2019appr\u00e9cient, il y a autant d\u2019attentes, de buts, comme de sensations per\u00e7ues &#8230; <a title=\"Plong\u00e9e dans l&#039;univers de l&#039;aikido\" class=\"read-more\" href=\"https:\/\/akdn.fr\/index.php\/plongee-dans-lunivers-de-laikido\/\" aria-label=\"En savoir plus sur Plong\u00e9e dans l&#039;univers de l&#039;aikido\">Lire la suite<\/a><\/p>\n","protected":false},"author":1,"featured_media":0,"parent":0,"menu_order":51034,"comment_status":"closed","ping_status":"closed","template":"","meta":{"footnotes":""},"class_list":["post-884","page","type-page","status-publish"],"_links":{"self":[{"href":"https:\/\/akdn.fr\/index.php\/wp-json\/wp\/v2\/pages\/884","targetHints":{"allow":["GET"]}}],"collection":[{"href":"https:\/\/akdn.fr\/index.php\/wp-json\/wp\/v2\/pages"}],"about":[{"href":"https:\/\/akdn.fr\/index.php\/wp-json\/wp\/v2\/types\/page"}],"author":[{"embeddable":true,"href":"https:\/\/akdn.fr\/index.php\/wp-json\/wp\/v2\/users\/1"}],"replies":[{"embeddable":true,"href":"https:\/\/akdn.fr\/index.php\/wp-json\/wp\/v2\/comments?post=884"}],"version-history":[{"count":1,"href":"https:\/\/akdn.fr\/index.php\/wp-json\/wp\/v2\/pages\/884\/revisions"}],"predecessor-version":[{"id":9850,"href":"https:\/\/akdn.fr\/index.php\/wp-json\/wp\/v2\/pages\/884\/revisions\/9850"}],"wp:attachment":[{"href":"https:\/\/akdn.fr\/index.php\/wp-json\/wp\/v2\/media?parent=884"}],"curies":[{"name":"wp","href":"https:\/\/api.w.org\/{rel}","templated":true}]}}