{"id":836,"date":"2013-06-28T20:46:54","date_gmt":"2013-06-28T20:46:54","guid":{"rendered":"http:\/\/www.akdn.fr\/?page_id=836"},"modified":"2025-09-11T11:21:25","modified_gmt":"2025-09-11T11:21:25","slug":"home-page","status":"publish","type":"page","link":"https:\/\/akdn.fr\/","title":{"rendered":"Accueil"},"content":{"rendered":"<div id=\"metaslider-id-9899\" style=\"width: 100%;\" class=\"ml-slider-3-100-1 metaslider metaslider-flex metaslider-9899 ml-slider ms-theme-default-base has-dots-nav\" role=\"region\" aria-label=\"Nouveau diaporama\" data-height=\"300\" data-width=\"700\">\n    <div id=\"metaslider_container_9899\">\n        <div id=\"metaslider_9899\">\n            <ul aria-live='off' class='slides'>\n                <li style=\"display: block; width: 100%;\" class=\"slide-9900 ms-image \" aria-roledescription=\"slide\" data-date=\"2025-09-11 11:13:48\"><img loading=\"lazy\" decoding=\"async\" src=\"https:\/\/akdn.fr\/wp-content\/uploads\/2025\/09\/WhatsApp-Image-2025-09-11-at-12.07.282-700x300.jpeg\" height=\"300\" width=\"700\" alt=\"\" class=\"slider-9899 slide-9900 msDefaultImage\" title=\"WhatsApp Image 2025-09-11 at 12.07.28(2)\" \/><\/li>\n                <li style=\"display: none; width: 100%;\" class=\"slide-9901 ms-image \" aria-roledescription=\"slide\" data-date=\"2025-09-11 11:14:16\"><img loading=\"lazy\" decoding=\"async\" src=\"https:\/\/akdn.fr\/wp-content\/uploads\/2025\/09\/WhatsApp-Image-2025-09-11-at-12.07.283-700x300.jpeg\" height=\"300\" width=\"700\" alt=\"\" class=\"slider-9899 slide-9901 msDefaultImage\" title=\"WhatsApp Image 2025-09-11 at 12.07.28(3)\" \/><\/li>\n                <li style=\"display: none; width: 100%;\" class=\"slide-9906 ms-image \" aria-roledescription=\"slide\" data-date=\"2025-09-11 11:15:49\"><img loading=\"lazy\" decoding=\"async\" src=\"https:\/\/akdn.fr\/wp-content\/uploads\/2015\/03\/S2770091-700x300.jpg\" height=\"300\" width=\"700\" alt=\"\" class=\"slider-9899 slide-9906 msDefaultImage\" title=\"S2770091\" \/><\/li>\n                <li style=\"display: none; width: 100%;\" class=\"slide-9904 ms-image \" aria-roledescription=\"slide\" data-date=\"2025-09-11 11:15:02\"><img loading=\"lazy\" decoding=\"async\" src=\"https:\/\/akdn.fr\/wp-content\/uploads\/2025\/09\/WhatsApp-Image-2025-09-10-at-23.10.11-700x300.jpeg\" height=\"300\" width=\"700\" alt=\"\" class=\"slider-9899 slide-9904 msDefaultImage\" title=\"WhatsApp Image 2025-09-10 at 23.10.11\" \/><\/li>\n                <li style=\"display: none; width: 100%;\" class=\"slide-9903 ms-image \" aria-roledescription=\"slide\" data-date=\"2025-09-11 11:14:55\"><img loading=\"lazy\" decoding=\"async\" src=\"https:\/\/akdn.fr\/wp-content\/uploads\/2019\/12\/20191211_155229-scaled-700x300.jpg\" height=\"300\" width=\"700\" alt=\"\" class=\"slider-9899 slide-9903 msDefaultImage\" title=\"20191211_155229\" \/><\/li>\n                <li style=\"display: none; width: 100%;\" class=\"slide-9907 ms-image \" aria-roledescription=\"slide\" data-date=\"2025-09-11 11:18:18\"><img loading=\"lazy\" decoding=\"async\" src=\"https:\/\/akdn.fr\/wp-content\/uploads\/2015\/04\/S2910011-700x300.jpg\" height=\"300\" width=\"700\" alt=\"\" class=\"slider-9899 slide-9907 msDefaultImage\" title=\"S2910011\" \/><\/li>\n            <\/ul>\n        <\/div>\n        \n    <\/div>\n<\/div>\n<h2 style=\"text-align: center; color: #7D3E31 ; padding-top: 20px;\">AKDN : 50 Ans d&rsquo;A\u00efkido \u00e0 Nogent<\/h2>\n<p>Votre discipline martiale japonaise, avec un <strong>demi-si\u00e8cle d\u2019existence<\/strong> sur notre commune, a acquis une belle comp\u00e9tence et notori\u00e9t\u00e9. Nous avons form\u00e9 une quinzaine d\u2019enseignants qui enseignent \u00e0 leur tour, et plus d&rsquo;une centaine de <strong>ceintures noires<\/strong> ont \u00e9t\u00e9 d\u00e9livr\u00e9es aux a\u00efkidokas nogentais(es).<br \/>\nL\u2019A\u00efkido est pourtant encore mal connu, car n\u2019\u00e9tant pas un sport \u00e0 comp\u00e9tition, il ne b\u00e9n\u00e9ficie d\u2019aucun support m\u00e9diatique.<br \/>\n<center> <a href=\"https:\/\/akdn.fr\/index.php\/infos-pratiques\/\" style=\"display: inline-block; background-color: #613C12; color: white; padding: 10px 20px; text-decoration: none; border-radius: 5px; margin: 5px;\" rel=\"noopener\">Consulter les horaires des cours<\/a> <a href=\"https:\/\/akdn.fr\/index.php\/decouvrir-notre-art\/\" style=\"display: inline-block; background-color: #613C12; color: white; padding: 10px 20px; text-decoration: none; border-radius: 5px; margin: 5px;\" rel=\"noopener\">D\u00e9couvrir notre art<\/a><\/center><br \/>\nSa particularit\u00e9 et sa force r\u00e9sident dans une recherche fondamentale : <strong>se mettre en Harmonie avec son ou ses adversaires<\/strong> (ici, on parle plut\u00f4t de partenaires). Aucune cat\u00e9gorie de poids ou de sexe n\u2019existe dans notre pratique.<\/p>\n<h2 style=\"text-align: center; color: #7D3E31; padding-top: 20px;\">Une P\u00e9dagogie Adapt\u00e9e et Connect\u00e9e<\/h2>\n<div style=\"display: flex; flex-wrap: wrap; justify-content: center; gap: 20px; text-align: center;\">\n<div style=\"flex: 1 1 250px; padding: 20px; border-radius: 8px; border: 1px solid #ddd; background-color: #f9f9f9;\">\n<p class=\"highlight\">Sections adapt\u00e9es \u00e0 tous les \u00e2ges<\/p>\n<p>Enfants, ados et adultes sont accueillis \u00e0 Nogent avec une p\u00e9dagogie adapt\u00e9e \u00e0 chacun.<\/p>\n<\/div>\n<div style=\"flex: 1 1 250px; padding: 20px; border-radius: 8px; border: 1px solid #ddd; background-color: #f9f9f9;\">\n<p class=\"highlight\">Archivage des cours<\/p>\n<p>Le r\u00e9sum\u00e9 de tous les cours est retranscrit sur le site (plus de <strong>4000 cours d\u00e9j\u00e0 archiv\u00e9s<\/strong>).<\/p>\n<\/div>\n<div style=\"flex: 1 1 250px; padding: 20px; border-radius: 8px; border: 1px solid #ddd; background-color: #f9f9f9;\">\n<p class=\"highlight\">Restez inform\u00e9s<\/p>\n<p>Nos adh\u00e9rents se retrouvent sur nos <em><strong>groupes Whatsapp et Facebook<\/strong><\/em> pour rester en contact.<\/p>\n<\/div>\n<\/div>\n<h2 style=\"text-align: center; color: #7D3E31; padding-top: 20px;\">Nos 3 Piliers de l&rsquo;AKDN<\/h2>\n<div style=\"display: flex; flex-wrap: wrap; justify-content: center; gap: 20px; text-align: center;\">\n<div style=\"flex: 1 1 250px; padding: 20px; border-radius: 8px; border: 1px solid #ddd; background-color: #f9f9f9;\">\n<p class=\"highlight\">Convivialit\u00e9<\/p>\n<p>Un environnement chaleureux o\u00f9 chaque a\u00efkidoka se sent bienvenu.<\/p>\n<\/div>\n<div style=\"flex: 1 1 250px; padding: 20px; border-radius: 8px; border: 1px solid #ddd; background-color: #f9f9f9;\">\n<p class=\"highlight\">Accompagnement personnalis\u00e9<\/p>\n<p> Un suivi adapt\u00e9 pour chaque \u00e9l\u00e8ve, quel que soit son niveau.<\/p>\n<\/div>\n<div style=\"flex: 1 1 250px; padding: 20px; border-radius: 8px; border: 1px solid #ddd; background-color: #f9f9f9;\">\n<p class=\"highlight\">Niveau technique efficient<\/p>\n<p>Une p\u00e9dagogie de pointe, constamment mise \u00e0 jour par nos enseignants.<\/p>\n<\/div>\n<\/div>\n<p style=\"text-align: justify; max-width: 800px; margin: 20px auto;\">\u00c0 l\u2019AKDN, nos enseignants se forment sans cesse aux toutes derni\u00e8res techniques p\u00e9dagogiques, et sont profond\u00e9ment impliqu\u00e9s dans les commissions r\u00e9gionales et nationales techniques.<\/p>\n<h2 style=\"text-align: center; color: #7D3E31; padding-top: 20px;\">Venez D\u00e9couvrir l&rsquo;A\u00efkido avec Nous !<\/h2>\n<ul style=\"list-style-type: none; padding: 0; display: flex; flex-wrap: wrap; justify-content: center; gap: 20px; max-width: 800px; margin: 0 auto;\">\n<li style=\"width: calc(50% - 10px); text-align: center; border: 1px solid #ccc; border-radius: 8px; padding: 15px;\">\n        Une activit\u00e9 physique compl\u00e8te.<\/li>\n<li style=\"width: calc(50% - 10px); text-align: center; border: 1px solid #ccc; border-radius: 8px; padding: 15px;\">\n        Une r\u00e9f\u00e9rence historique nippone.<\/li>\n<li style=\"width: calc(33.33% - 14px); text-align: center; border: 1px solid #ccc; border-radius: 8px; padding: 15px;\">\n        Un art martial de d\u00e9fense pacifique.<\/li>\n<li style=\"width: calc(33.33% - 14px); text-align: center; border: 1px solid #ccc; border-radius: 8px; padding: 15px;\">\n        Une \u00e9vasion des tracas quotidiens.<\/li>\n<li style=\"width: calc(33.33% - 14px); text-align: center; border: 1px solid #ccc; border-radius: 8px; padding: 15px;\">\n        Un syst\u00e8me d&rsquo;\u00e9ducation bas\u00e9 sur les valeurs morales.<\/li>\n<\/ul>\n<p style=\"text-align: center; max-width: 800px; margin: 20px auto;\">\nNous vous attendons dans nos 2 salles nogentaises afin de pratiquer l\u2019art de \u00ab <strong>la Voie de l\u2019Harmonie des \u00c9nergies<\/strong> \u00bb (traduction de AI-KI-DO). Une s\u00e9ance d&rsquo;essai vous est offerte !<\/p>\n<h2 style=\"text-align: center; color: #7D3E31; padding-top: 20px;\">Nos Partenaires<\/p>\n<div style=\"display: flex; justify-content: center; flex-wrap: wrap; gap: 20px;\">\n        <img decoding=\"async\" src=\"http:\/\/akdn.fr\/wp-content\/uploads\/2020\/06\/cropped-LOGO-AKDN-e1598361579473.jpg\" alt=\"Logo AKDN\" style=\"max-width: 100px; height: auto;\"><br \/>\n<img decoding=\"async\" src=\"http:\/\/akdn.fr\/wp-content\/uploads\/2013\/06\/logo-crysam-150x150.png\" alt=\"Logo Crysam\" style=\"max-width: 100px; height: auto;\"><br \/>\n<img decoding=\"async\" src=\"http:\/\/akdn.fr\/wp-content\/uploads\/2016\/12\/logoFFAAA-IDF2017-1-150x150.png\" alt=\"Logo FFAAA IDF\" style=\"max-width: 100px; height: auto;\"><br \/>\n<img decoding=\"async\" src=\"http:\/\/akdn.fr\/wp-content\/uploads\/2013\/06\/Sigle-maiwakan-150x150.jpg\" alt=\"Sigle Meiwakan\" style=\"max-width: 100px; height: auto;\"><\/div>\n<\/h2>\n<p class=\"highlight\" style=\"text-align: center; font-style: italic; font-size: 1.2em; padding-top:20px\">Yoroshku&rsquo; Onega\u00efshimas !<\/p>\n","protected":false},"excerpt":{"rendered":"<p>AKDN : 50 Ans d&rsquo;A\u00efkido \u00e0 Nogent Votre discipline martiale japonaise, avec un demi-si\u00e8cle d\u2019existence sur notre commune, a acquis une belle comp\u00e9tence et notori\u00e9t\u00e9. Nous avons form\u00e9 une quinzaine d\u2019enseignants qui enseignent \u00e0 leur tour, et plus d&rsquo;une centaine de ceintures noires ont \u00e9t\u00e9 d\u00e9livr\u00e9es aux a\u00efkidokas nogentais(es). L\u2019A\u00efkido est pourtant encore mal connu, &#8230; <a title=\"Accueil\" class=\"read-more\" href=\"https:\/\/akdn.fr\/\" aria-label=\"En savoir plus sur Accueil\">Lire la suite<\/a><\/p>\n","protected":false},"author":1,"featured_media":0,"parent":0,"menu_order":0,"comment_status":"closed","ping_status":"closed","template":"","meta":{"footnotes":""},"class_list":["post-836","page","type-page","status-publish"],"_links":{"self":[{"href":"https:\/\/akdn.fr\/index.php\/wp-json\/wp\/v2\/pages\/836","targetHints":{"allow":["GET"]}}],"collection":[{"href":"https:\/\/akdn.fr\/index.php\/wp-json\/wp\/v2\/pages"}],"about":[{"href":"https:\/\/akdn.fr\/index.php\/wp-json\/wp\/v2\/types\/page"}],"author":[{"embeddable":true,"href":"https:\/\/akdn.fr\/index.php\/wp-json\/wp\/v2\/users\/1"}],"replies":[{"embeddable":true,"href":"https:\/\/akdn.fr\/index.php\/wp-json\/wp\/v2\/comments?post=836"}],"version-history":[{"count":14,"href":"https:\/\/akdn.fr\/index.php\/wp-json\/wp\/v2\/pages\/836\/revisions"}],"predecessor-version":[{"id":9912,"href":"https:\/\/akdn.fr\/index.php\/wp-json\/wp\/v2\/pages\/836\/revisions\/9912"}],"wp:attachment":[{"href":"https:\/\/akdn.fr\/index.php\/wp-json\/wp\/v2\/media?parent=836"}],"curies":[{"name":"wp","href":"https:\/\/api.w.org\/{rel}","templated":true}]}}