{"id":7745,"date":"2022-01-29T01:34:14","date_gmt":"2022-01-28T23:34:14","guid":{"rendered":"http:\/\/www.akdn.fr\/?page_id=7745"},"modified":"2025-08-24T21:20:43","modified_gmt":"2025-08-24T21:20:43","slug":"concepts-aikido-pour-affiner-la-pratique","status":"publish","type":"page","link":"https:\/\/akdn.fr\/index.php\/concepts-aikido-pour-affiner-la-pratique\/","title":{"rendered":"Concepts A\u00efkido pour affiner la pratique"},"content":{"rendered":"<p>Apr\u00e9s avoir bien int\u00e9gr\u00e9 et avoir bien assimil\u00e9 l&rsquo;ensemble du r\u00e9pertoire technique, les diff\u00e9rents d\u00e9placements, attaques, saisies, chutes, les r\u00f4les Uke\/Tori, les formes Ura\/Omot\u00e9&#8230; Dans la perspective d&rsquo;affiner de mieux en mieux la pratique, il reste des subtilit\u00e9s \u00e0 d\u00e9couvrir et int\u00e9grer.<\/p>\n<p>&#8211;<span style=\"text-decoration: underline;\"><strong>AWASE<\/strong><\/span> du verbe AWASERU, la rencontre, se rencontrer. La mani\u00e8re d&rsquo;entrer en contact, d&rsquo;aller chercher le partenaire. Bien que ce soit Uke l&rsquo;attaquant, \u00e0 un bon niveau de pratique, ce sera Tori qui d\u00e9cidera o\u00f9 et quand la rencontre aura effectivement lieu. Il faudra alors savoir g\u00e9rer le <span style=\"text-decoration: underline;\"><strong>MA AI<\/strong><\/span> (distance) et le <strong>DE AI<\/strong> (moment). Espace et temps deviendront les qu\u00eates permanentes des aikidokas aguerris (au passage, ce sont les m\u00eames recherches que les moines zen) La notion et l&rsquo;utilisation d&rsquo; <strong>IRIMI <\/strong>sera profond\u00e9ment assimil\u00e9e pour AWASE. Le moment de rencontre pourra \u00eatre anticip\u00e9 voire provoqu\u00e9 par le <strong>SEN NO SEN<\/strong> (Initiative sur initiative). Il pourra \u00eatre d\u00e9cid\u00e9 en m\u00eame temps que l&rsquo;attaque (<strong>JO NO SEN<\/strong> ou TAI NO SEN 80% de ce qui est fait aujourd&rsquo;hui). Ou encore, en <strong>GO NO SEN<\/strong>, au dernier moment, moment ultime juste avant d&rsquo;\u00eatre touch\u00e9 par la frappe ou le sabre.<\/p>\n<p>&#8211;<span style=\"text-decoration: underline;\"><strong>KI NO NAGARE <\/strong><\/span>sera la recherche transversale \u00e0 toutes techniques. Il s agit l\u00e0 de rendre fluides nos d\u00e9placements, nos mouvements, les redirections des attaques d Uke, nos mani\u00e8res de d\u00e9s\u00e9quilibrer et de projeter. Rejeter toutes tractions ou pouss\u00e9es. Rejeter toutes saccades, blocages, verrous. <strong>Ki no nagare<\/strong> pourrait devenir un art de vivre. Vivre en fluidit\u00e9 syst\u00e9matique. Ce pourrait \u00eatre une mani\u00e8re de se comporter, de penser, de communiquer&#8230;\u00a0 Rappel: <strong>KI NO NAGARE <\/strong>est \u00e9tudi\u00e9 dans le livre du m\u00eame nom aux \u00e9ditions thebookedition\u00a0<a title=\"ki no nagare\" href=\"https:\/\/www.thebookedition.com\/fr\/ki-no-nagare-la-fluidite-partout-p-377203.html\"> https:\/\/www.thebookedition.com\/fr\/ki-no-nagare-la-fluidite-partout-p-377203.html<\/a><\/p>\n<p><span style=\"text-decoration: underline;\"><strong>RI AI <\/strong><\/span>sera l&rsquo;art et la mani\u00e8re de passer d&rsquo;une technique \u00e0 l&rsquo;autre en trouvant un point commun, une similitude qui permettra une logique. <strong>RI AI<\/strong> permettra de conserver et d&rsquo;alimenter la fluidit\u00e9, la continuit\u00e9 du rapport UKE&gt;TORI.<\/p>\n<p><span style=\"text-decoration: underline;\"><strong>KI MUSUBI<\/strong><\/span> est la capacit\u00e9 \u00e0 conserver le lien tout au long de la technique \u00e0 ex\u00e9cuter. Mais ce lien devra souvent \u00eatre aliment\u00e9 par les effets produits par\u00a0 des acc\u00e9l\u00e9rations, des ralentis, des cr\u00e9ations de vide, d&rsquo;aspirations, de besoin de diff\u00e9rer, retarder ou d&rsquo;anticiper&#8230;<\/p>\n<p><span style=\"text-decoration: underline;\"><strong>JYU NO GEIKO<\/strong><\/span> propose un travail souple, d\u00e9li\u00e9, l\u00e9ger alors que <span style=\"text-decoration: underline;\"><strong>GO NO GEIKO<\/strong><\/span>, \u00e0 l&rsquo;oppos\u00e9, privil\u00e9giera des rapports plus durs, solides, avec des saisies fermes.<\/p>\n<p>Ces concepts, difficilement explicables par des mots, devront \u00eatre tous exp\u00e9riment\u00e9s et assimil\u00e9s par le pratiquant afin de lui permettre une r\u00e9elle progression. D\u00e8s le prochain entrainement, allez, place \u00e0 la pratique !!!<\/p>\n<p style=\"text-align: center;\"><em>Patrick BELVAUX<\/em><\/p>\n<p>&nbsp;<\/p>\n<p>&nbsp;<\/p>\n","protected":false},"excerpt":{"rendered":"<p>Apr\u00e9s avoir bien int\u00e9gr\u00e9 et avoir bien assimil\u00e9 l&rsquo;ensemble du r\u00e9pertoire technique, les diff\u00e9rents d\u00e9placements, attaques, saisies, chutes, les r\u00f4les Uke\/Tori, les formes Ura\/Omot\u00e9&#8230; Dans la perspective d&rsquo;affiner de mieux en mieux la pratique, il reste des subtilit\u00e9s \u00e0 d\u00e9couvrir et int\u00e9grer. &#8211;AWASE du verbe AWASERU, la rencontre, se rencontrer. La mani\u00e8re d&rsquo;entrer en contact, &#8230; <a title=\"Concepts A\u00efkido pour affiner la pratique\" class=\"read-more\" href=\"https:\/\/akdn.fr\/index.php\/concepts-aikido-pour-affiner-la-pratique\/\" aria-label=\"En savoir plus sur Concepts A\u00efkido pour affiner la pratique\">Lire la suite<\/a><\/p>\n","protected":false},"author":1,"featured_media":0,"parent":0,"menu_order":0,"comment_status":"closed","ping_status":"closed","template":"","meta":{"footnotes":""},"class_list":["post-7745","page","type-page","status-publish"],"_links":{"self":[{"href":"https:\/\/akdn.fr\/index.php\/wp-json\/wp\/v2\/pages\/7745","targetHints":{"allow":["GET"]}}],"collection":[{"href":"https:\/\/akdn.fr\/index.php\/wp-json\/wp\/v2\/pages"}],"about":[{"href":"https:\/\/akdn.fr\/index.php\/wp-json\/wp\/v2\/types\/page"}],"author":[{"embeddable":true,"href":"https:\/\/akdn.fr\/index.php\/wp-json\/wp\/v2\/users\/1"}],"replies":[{"embeddable":true,"href":"https:\/\/akdn.fr\/index.php\/wp-json\/wp\/v2\/comments?post=7745"}],"version-history":[{"count":1,"href":"https:\/\/akdn.fr\/index.php\/wp-json\/wp\/v2\/pages\/7745\/revisions"}],"predecessor-version":[{"id":9858,"href":"https:\/\/akdn.fr\/index.php\/wp-json\/wp\/v2\/pages\/7745\/revisions\/9858"}],"wp:attachment":[{"href":"https:\/\/akdn.fr\/index.php\/wp-json\/wp\/v2\/media?parent=7745"}],"curies":[{"name":"wp","href":"https:\/\/api.w.org\/{rel}","templated":true}]}}