{"id":606,"date":"2011-05-25T22:51:17","date_gmt":"2011-05-25T20:51:17","guid":{"rendered":"http:\/\/www.akdn.fr\/?page_id=606"},"modified":"2025-08-24T21:15:23","modified_gmt":"2025-08-24T21:15:23","slug":"passage-de-grades","status":"publish","type":"page","link":"https:\/\/akdn.fr\/index.php\/passage-de-grades\/","title":{"rendered":"Passage de grades ENFANTS\/ADOS"},"content":{"rendered":"<div class=\"section-container\">\n<p style=\"font-size: 1.1em; line-height: 1.6; text-align: center; border-bottom: 2px solid #ddd; padding-bottom: 20px;\">\nLes grades Ados sont caract\u00e9ris\u00e9s sur la tenue par le port d\u2019une ceinture de couleur. Elles reprennent la logique du karat\u00e9-do et du judo suivant une p\u00e9dagogie purement occidentale.<\/p>\n<\/div>\n<h2 style=\"margin-top: 50px;\">Progression des grades Ados<\/h2>\n<ul style=\"list-style-type: none; padding-left: 0;\">\n<li style=\"margin-bottom: 15px;\"><strong>Blanche<\/strong><\/li>\n<li style=\"margin-bottom: 15px;\"><strong>Jaune-Blanche \/ Jaune<\/strong><\/li>\n<li style=\"margin-bottom: 15px;\"><strong>Jaune-Orange \/ Orange<\/strong> (5\u00e8me Kyu adulte)<\/li>\n<li style=\"margin-bottom: 15px;\"><strong>Orange-Vert \/ Vert<\/strong><\/li>\n<li style=\"margin-bottom: 15px;\">\n        <strong>Bleu-Vert<\/strong> (4\u00e8me Kyu adulte) <span class=\"highlight\">\u00c0 partir de ce niveau, il est vivement recommand\u00e9 de suivre les cours adultes ainsi que les stages propos\u00e9s.<\/span><\/li>\n<li style=\"margin-bottom: 15px;\">\n        <strong>Bleu-marron \/ Marron<\/strong> (3\u00e8me Kyu adulte) <span class=\"highlight\">Obligation de suivre les cours adultes.<\/span> Au moins deux cours par semaine afin de se porter au niveau 2e puis 1er Kyu. D\u00e8s lors, un minimum de 3 stages dans l&rsquo;ann\u00e9e seront obligatoires pour pr\u00e9tendre \u00e0 l&rsquo;examen f\u00e9d\u00e9ral de ceinture noire 1er dan (minimum d&rsquo;\u00e2ge requis : 16 ans).<\/li>\n<\/ul>\n<h2 style=\"margin-top: 50px;\">Ressources et travail personnel<\/h2>\n<p>L\u2019ensemble du programme est indiqu\u00e9 sur le <span class=\"highlight\">guide du d\u00e9butant<\/span> remis \u00e0 chaque adh\u00e9rent en d\u00e9but de pratique (et aussi disponible en t\u00e9l\u00e9chargement dans la section MEMBRES) qui comporte lui-m\u00eame un aide-m\u00e9moire pr\u00e9cieux. Mais il n&rsquo;y a pas de programme \u00ab\u00a0officiel\u00a0\u00bb enfant\/ados. Le programme joint est uniquement \u00e9labor\u00e9 et suivi \u00e0 Nogent.<\/p>\n<p>Au final, la ceinture marron correspondra au 1er kyu des adultes. Cela permettra au \u201cjeune adulte\u201d de pouvoir passer \u00e0 terme la ceinture noire 1er dan au m\u00eame titre que l\u2019adulte.<\/p>\n<h2 style=\"margin-top: 50px;\">Nota : L&rsquo;engagement n\u00e9cessaire pour les grades<\/h2>\n<p><span class=\"highlight\">Passer des grades demande un s\u00e9rieux dans la pratique, une tenue correcte durant la saison, une assiduit\u00e9 et une capacit\u00e9 d\u2019int\u00e9grer et de m\u00e9moriser l\u2019ensemble du programme ci-apr\u00e8s.<\/span> Le peu de cr\u00e9neaux offert aux ados ne peut suffire \u00e0 l\u2019int\u00e9gration du programme. Aussi, il est fortement recommand\u00e9 de suivre, autant que faire se peut, des stages et venir s\u2019entra\u00eener \u00e0 la premi\u00e8re heure des cours Adultes du Lundi (18h30\/20h).<\/p>\n<p style=\"text-align: center; margin-top: 50px;\">\n    Document \u00e0 t\u00e9l\u00e9charger : <a title=\"Le guide du d\u00e9butant ado\" href=\"\/\/www.akdn.fr\/wordpress\/Doc_public\/ADOS\/AKDN_Passage_grades_ADOS_2009.pdf)\" target=\"_blank\" rel=\"noopener\">le passage des grades ADOS<\/a><\/p>\n","protected":false},"excerpt":{"rendered":"<p>Les grades Ados sont caract\u00e9ris\u00e9s sur la tenue par le port d\u2019une ceinture de couleur. Elles reprennent la logique du karat\u00e9-do et du judo suivant une p\u00e9dagogie purement occidentale. Progression des grades Ados Blanche Jaune-Blanche \/ Jaune Jaune-Orange \/ Orange (5\u00e8me Kyu adulte) Orange-Vert \/ Vert Bleu-Vert (4\u00e8me Kyu adulte) \u00c0 partir de ce niveau, &#8230; <a title=\"Passage de grades ENFANTS\/ADOS\" class=\"read-more\" href=\"https:\/\/akdn.fr\/index.php\/passage-de-grades\/\" aria-label=\"En savoir plus sur Passage de grades ENFANTS\/ADOS\">Lire la suite<\/a><\/p>\n","protected":false},"author":1,"featured_media":0,"parent":0,"menu_order":612,"comment_status":"closed","ping_status":"closed","template":"","meta":{"footnotes":""},"class_list":["post-606","page","type-page","status-publish"],"_links":{"self":[{"href":"https:\/\/akdn.fr\/index.php\/wp-json\/wp\/v2\/pages\/606","targetHints":{"allow":["GET"]}}],"collection":[{"href":"https:\/\/akdn.fr\/index.php\/wp-json\/wp\/v2\/pages"}],"about":[{"href":"https:\/\/akdn.fr\/index.php\/wp-json\/wp\/v2\/types\/page"}],"author":[{"embeddable":true,"href":"https:\/\/akdn.fr\/index.php\/wp-json\/wp\/v2\/users\/1"}],"replies":[{"embeddable":true,"href":"https:\/\/akdn.fr\/index.php\/wp-json\/wp\/v2\/comments?post=606"}],"version-history":[{"count":1,"href":"https:\/\/akdn.fr\/index.php\/wp-json\/wp\/v2\/pages\/606\/revisions"}],"predecessor-version":[{"id":9851,"href":"https:\/\/akdn.fr\/index.php\/wp-json\/wp\/v2\/pages\/606\/revisions\/9851"}],"wp:attachment":[{"href":"https:\/\/akdn.fr\/index.php\/wp-json\/wp\/v2\/media?parent=606"}],"curies":[{"name":"wp","href":"https:\/\/api.w.org\/{rel}","templated":true}]}}