{"id":557,"date":"2012-12-10T09:20:37","date_gmt":"2012-12-10T07:20:37","guid":{"rendered":"http:\/\/www.akdn.fr\/?page_id=557"},"modified":"2025-08-24T21:13:33","modified_gmt":"2025-08-24T21:13:33","slug":"a-propos","status":"publish","type":"page","link":"https:\/\/akdn.fr\/index.php\/a-propos\/","title":{"rendered":"A propos &#8211; vie du club"},"content":{"rendered":"<div class=\"section-container\">\n<div class=\"card\">\n<h2 style=\"margin-top: 0; font-size: 1.8em;  border-bottom: 2px solid #ddd; padding-bottom: 10px;\">Notre histoire<\/h2>\n<p><strong>L\u2019A\u00efkido-Nogent<\/strong>, association de type \u201cloi 1901\u2033 (\u00e0 but non-lucratif), est n\u00e9e le <span class=\"highlight\">18 Juin 1998<\/span>. Elle a \u00e9t\u00e9 d\u00e9clar\u00e9e \u00e0 la sous-pr\u00e9fecture de Nogent sous le num\u00e9ro 1058.<\/p>\n<p>\u00c0 l&rsquo;\u00e9poque, son pr\u00e9sident \u00e9tait Marc CAMELEYRE et son tr\u00e9sorier, Marc FIALON, qui a par la suite repris la pr\u00e9sidence.<\/p>\n<\/div>\n<div class=\"card\">\n<h2>Notre identit\u00e9<\/h2>\n<p>Nous portons le sigle <span class=\"highlight\">A.K.D.N.<\/span>, qui signifie <span class=\"highlight\">A<\/span>\u00ef-<span class=\"highlight\">K<\/span>i-<span class=\"highlight\">D<\/span>o-<span class=\"highlight\">N<\/span>ogent.<\/p>\n<ul>\n<li>\n                <strong>Journal officiel :<\/strong> Inscrit au <a title=\"Acc\u00e8s au site du journal officiel, page AKDN\" href=\"http:\/\/www.journal-officiel.gouv.fr\/association\/index.php?ACTION=Rechercher&amp;HI_PAGE=1&amp;HI_COMPTEUR=0&amp;original_method=get&amp;WHAT=AKDN&amp;JTH_ID=&amp;JAN_BD_CP=94130&amp;JRE_ID=&amp;JAN_LIEU_DECL=&amp;JTY_ID=&amp;JTY_WALDEC=&amp;JTY_SIREN=&amp;JPA_D_D=&amp;JPA_D_F=&amp;rechercher.x=13&amp;rechercher.y=6&amp;rechercher=Rechercher\" target=\"_blank\" rel=\"noopener\">journal officiel<\/a> du 10\/07\/98 &#8211; N\u00b0 de SIRET: 626694B01.<\/li>\n<li>\n                <strong>F\u00e9d\u00e9ration :<\/strong> Nous sommes affili\u00e9s \u00e0 la <a title=\"Acc\u00e8s au site AIKIDO.COM.FR\" href=\"http:\/\/www.aikido.com.fr\/\" target=\"_blank\" rel=\"noopener\">FFAAA<\/a> (F\u00e9d\u00e9ration Fran\u00e7aise d\u2019A\u00efkido, A\u00efki-budo et Affinitaires) sous le N\u00b0 de club: 94945582.<br \/>\n<img decoding=\"async\" src=\"http:\/akdn.fr\/wp-content\/uploads\/2016\/12\/logoFFAAA-IDF2017-1.png\" alt=\"Logo FFAAA\" style=\"max-width: 150px; margin-top: 10px; display: block;\"><\/li>\n<li>\n                <strong>Si\u00e8ge social :<\/strong> Espace David Douillet &#8211; 19bis rue Paul Bert &#8211; 94 130 &#8211; NOGENT sur Marne.<\/li>\n<li>\n                <strong>Pr\u00e9sident :<\/strong> Marc FIALON<\/li>\n<\/ul>\n<\/div>\n<div class=\"card\">\n<h2>Nos labels Sport Sant\u00e9 et Sport Responsable<\/h2>\n<div style=\"display: flex; align-items: center; justify-content: center; margin-bottom: 20px;\">\n            <img decoding=\"async\" src=\"http:\/\/akdn.fr\/wp-content\/uploads\/2025\/08\/sportsante.png\" alt=\"Logo Sport Sant\u00e9\" style=\"max-width: 120px; margin: 0 10px;\"><br \/>\n<img decoding=\"async\" src=\"http:\/\/akdn.fr\/wp-content\/uploads\/2025\/08\/sportresponsable.jpg\" alt=\"Logo Sport Responsable\" style=\"max-width: 120px; margin: 0 10px;\"><\/div>\n<p>Depuis septembre 2018, l\u2019association est labellis\u00e9e \u00ab&nbsp;<strong>Sport Sant\u00e9<\/strong>&nbsp;\u00bb par le <span class=\"highlight\">CDOSIF<\/span> (Comit\u00e9 D\u00e9partemental Olympique et Sportif du Val de Marne). Pour cela, notre enseignant Patrick BELVAUX a suivi une formation sp\u00e9cifique.<\/p>\n<p>Ce label permet aux m\u00e9decins de prescrire l\u2019A\u00efkido comme un palliatif aux m\u00e9dications pour certaines pathologies (Asthme, diab\u00e8te, maladies cardiovasculaires, etc.). <span class=\"highlight\">L\u2019AKDN est la seule association labellis\u00e9e proposant les vertus de l\u2019A\u00efkido dans le Val de Marne.<\/span><\/p>\n<p>Depuis octobre 2018, nous avons \u00e9galement re\u00e7u le label \u00ab&nbsp;<strong>Sport Responsable<\/strong>&nbsp;\u00bb, en particulier pour notre engagement dans le domaine de la sant\u00e9.<\/p>\n<\/div>\n<\/div>\n","protected":false},"excerpt":{"rendered":"<p>Notre histoire L\u2019A\u00efkido-Nogent, association de type \u201cloi 1901\u2033 (\u00e0 but non-lucratif), est n\u00e9e le 18 Juin 1998. Elle a \u00e9t\u00e9 d\u00e9clar\u00e9e \u00e0 la sous-pr\u00e9fecture de Nogent sous le num\u00e9ro 1058. \u00c0 l&rsquo;\u00e9poque, son pr\u00e9sident \u00e9tait Marc CAMELEYRE et son tr\u00e9sorier, Marc FIALON, qui a par la suite repris la pr\u00e9sidence. Notre identit\u00e9 Nous portons le &#8230; <a title=\"A propos &#8211; vie du club\" class=\"read-more\" href=\"https:\/\/akdn.fr\/index.php\/a-propos\/\" aria-label=\"En savoir plus sur A propos &#8211; vie du club\">Lire la suite<\/a><\/p>\n","protected":false},"author":1,"featured_media":0,"parent":0,"menu_order":210,"comment_status":"closed","ping_status":"closed","template":"","meta":{"footnotes":""},"class_list":["post-557","page","type-page","status-publish"],"_links":{"self":[{"href":"https:\/\/akdn.fr\/index.php\/wp-json\/wp\/v2\/pages\/557","targetHints":{"allow":["GET"]}}],"collection":[{"href":"https:\/\/akdn.fr\/index.php\/wp-json\/wp\/v2\/pages"}],"about":[{"href":"https:\/\/akdn.fr\/index.php\/wp-json\/wp\/v2\/types\/page"}],"author":[{"embeddable":true,"href":"https:\/\/akdn.fr\/index.php\/wp-json\/wp\/v2\/users\/1"}],"replies":[{"embeddable":true,"href":"https:\/\/akdn.fr\/index.php\/wp-json\/wp\/v2\/comments?post=557"}],"version-history":[{"count":1,"href":"https:\/\/akdn.fr\/index.php\/wp-json\/wp\/v2\/pages\/557\/revisions"}],"predecessor-version":[{"id":9843,"href":"https:\/\/akdn.fr\/index.php\/wp-json\/wp\/v2\/pages\/557\/revisions\/9843"}],"wp:attachment":[{"href":"https:\/\/akdn.fr\/index.php\/wp-json\/wp\/v2\/media?parent=557"}],"curies":[{"name":"wp","href":"https:\/\/api.w.org\/{rel}","templated":true}]}}